{"id":653,"date":"2023-05-01T05:09:37","date_gmt":"2023-05-01T05:09:37","guid":{"rendered":"https:\/\/web.monteverdecafe.com\/?page_id=653"},"modified":"2023-05-13T20:23:18","modified_gmt":"2023-05-14T01:23:18","slug":"nosotros","status":"publish","type":"page","link":"https:\/\/monteverdecafe.com\/index.php\/nosotros\/","title":{"rendered":"Nosotros"},"content":{"rendered":"\t\t<div data-elementor-type=\"wp-page\" data-elementor-id=\"653\" class=\"elementor elementor-653\" data-elementor-post-type=\"page\">\n\t\t\t\t\t\t\t\t\t<section class=\"elementor-section elementor-top-section elementor-element elementor-element-4d0fcc83 elementor-section-full_width elementor-section-height-default elementor-section-height-default\" data-id=\"4d0fcc83\" data-element_type=\"section\">\n\t\t\t\t\t\t<div class=\"elementor-container elementor-column-gap-default\">\n\t\t\t\t\t<div class=\"elementor-column elementor-col-100 elementor-top-column elementor-element elementor-element-4e4c44f5\" data-id=\"4e4c44f5\" data-element_type=\"column\" data-settings=\"{&quot;background_background&quot;:&quot;classic&quot;}\">\n\t\t\t<div class=\"elementor-widget-wrap elementor-element-populated\">\n\t\t\t\t\t\t\t\t<div class=\"elementor-element elementor-element-522d7ae6 elementor--h-position-center elementor--v-position-middle elementor-arrows-position-inside elementor-pagination-position-inside elementor-widget elementor-widget-slides\" data-id=\"522d7ae6\" data-element_type=\"widget\" data-settings=\"{&quot;navigation&quot;:&quot;both&quot;,&quot;autoplay&quot;:&quot;yes&quot;,&quot;pause_on_hover&quot;:&quot;yes&quot;,&quot;pause_on_interaction&quot;:&quot;yes&quot;,&quot;autoplay_speed&quot;:5000,&quot;infinite&quot;:&quot;yes&quot;,&quot;transition&quot;:&quot;slide&quot;,&quot;transition_speed&quot;:500}\" data-widget_type=\"slides.default\">\n\t\t\t\t<div class=\"elementor-widget-container\">\n\t\t\t<style>\/*! elementor-pro - v3.17.0 - 01-11-2023 *\/\n.elementor-slides .swiper-slide-bg{background-size:cover;background-position:50%;background-repeat:no-repeat;min-width:100%;min-height:100%}.elementor-slides .swiper-slide-inner{background-repeat:no-repeat;background-position:50%;position:absolute;top:0;left:0;bottom:0;right:0;padding:50px;margin:auto}.elementor-slides .swiper-slide-inner,.elementor-slides .swiper-slide-inner:hover{color:#fff;display:flex}.elementor-slides .swiper-slide-inner .elementor-background-overlay{position:absolute;z-index:0;top:0;bottom:0;left:0;right:0}.elementor-slides .swiper-slide-inner .elementor-slide-content{position:relative;z-index:1;width:100%}.elementor-slides .swiper-slide-inner .elementor-slide-heading{font-size:35px;font-weight:700;line-height:1}.elementor-slides .swiper-slide-inner .elementor-slide-description{font-size:17px;line-height:1.4}.elementor-slides .swiper-slide-inner .elementor-slide-description:not(:last-child),.elementor-slides .swiper-slide-inner .elementor-slide-heading:not(:last-child){margin-bottom:30px}.elementor-slides .swiper-slide-inner .elementor-slide-button{border:2px solid #fff;color:#fff;background:transparent;display:inline-block}.elementor-slides .swiper-slide-inner .elementor-slide-button,.elementor-slides .swiper-slide-inner .elementor-slide-button:hover{background:transparent;color:inherit;text-decoration:none}.elementor--v-position-top .swiper-slide-inner{align-items:flex-start}.elementor--v-position-bottom .swiper-slide-inner{align-items:flex-end}.elementor--v-position-middle .swiper-slide-inner{align-items:center}.elementor--h-position-left .swiper-slide-inner{justify-content:flex-start}.elementor--h-position-right .swiper-slide-inner{justify-content:flex-end}.elementor--h-position-center .swiper-slide-inner{justify-content:center}body.rtl .elementor-widget-slides .elementor-swiper-button-next{left:10px;right:auto}body.rtl .elementor-widget-slides .elementor-swiper-button-prev{right:10px;left:auto}.elementor-slides-wrapper div:not(.swiper-slide)>.swiper-slide-inner{display:none}@media (max-width:767px){.elementor-slides .swiper-slide-inner{padding:30px}.elementor-slides .swiper-slide-inner .elementor-slide-heading{font-size:23px;line-height:1;margin-bottom:15px}.elementor-slides .swiper-slide-inner .elementor-slide-description{font-size:13px;line-height:1.4;margin-bottom:15px}}<\/style>\t\t<div class=\"elementor-swiper\">\n\t\t\t<div class=\"elementor-slides-wrapper elementor-main-swiper swiper\" dir=\"ltr\" data-animation=\"fadeInUp\">\n\t\t\t\t<div class=\"swiper-wrapper elementor-slides\">\n\t\t\t\t\t\t\t\t\t\t<div class=\"elementor-repeater-item-32814f5 swiper-slide\"><div class=\"swiper-slide-bg elementor-ken-burns elementor-ken-burns--in\" role=\"img\"><\/div><div class=\"elementor-background-overlay\"><\/div><div class=\"swiper-slide-inner\" ><div class=\"swiper-slide-contents\"><div class=\"elementor-slide-heading\">NOSOTROS<\/div><div class=\"elementor-slide-description\">TRABAJAMOS CON ESMERO Y PASI\u00d3N POR\nUN CAF\u00c9 DE CALIDAD CON TRAZABILIDAD<\/div><\/div><\/div><\/div>\t\t\t\t<\/div>\n\t\t\t\t\t\t\t<\/div>\n\t\t<\/div>\n\t\t\t\t<\/div>\n\t\t\t\t<\/div>\n\t\t\t\t\t<\/div>\n\t\t<\/div>\n\t\t\t\t\t\t\t<\/div>\n\t\t<\/section>\n\t\t\t\t<section class=\"elementor-section elementor-top-section elementor-element elementor-element-6f21a979 elementor-section-boxed elementor-section-height-default elementor-section-height-default\" data-id=\"6f21a979\" data-element_type=\"section\" id=\"monteverde\">\n\t\t\t\t\t\t<div class=\"elementor-container elementor-column-gap-default\">\n\t\t\t\t\t<div class=\"elementor-column elementor-col-100 elementor-top-column elementor-element elementor-element-4169123a\" data-id=\"4169123a\" data-element_type=\"column\" data-settings=\"{&quot;background_background&quot;:&quot;classic&quot;}\">\n\t\t\t<div class=\"elementor-widget-wrap elementor-element-populated\">\n\t\t\t\t\t\t\t\t<div class=\"elementor-element elementor-element-6fc7b64a elementor-widget elementor-widget-text-editor\" data-id=\"6fc7b64a\" data-element_type=\"widget\" data-widget_type=\"text-editor.default\">\n\t\t\t\t<div class=\"elementor-widget-container\">\n\t\t\t<style>\/*! elementor - v3.17.0 - 08-11-2023 *\/\n.elementor-widget-text-editor.elementor-drop-cap-view-stacked .elementor-drop-cap{background-color:#69727d;color:#fff}.elementor-widget-text-editor.elementor-drop-cap-view-framed .elementor-drop-cap{color:#69727d;border:3px solid;background-color:transparent}.elementor-widget-text-editor:not(.elementor-drop-cap-view-default) .elementor-drop-cap{margin-top:8px}.elementor-widget-text-editor:not(.elementor-drop-cap-view-default) .elementor-drop-cap-letter{width:1em;height:1em}.elementor-widget-text-editor .elementor-drop-cap{float:left;text-align:center;line-height:1;font-size:50px}.elementor-widget-text-editor .elementor-drop-cap-letter{display:inline-block}<\/style>\t\t\t\t<p>Caf\u00e9 Monteverde, es una empresa ubicada en la provincia de Rodr\u00edguez de Mendoza, regi\u00f3n Amazonas \u2013 Per\u00fa.\u00a0 Fue creada en el a\u00f1o 2003 con la finalidad de atender las necesidades de los productores para comercializar su caf\u00e9 en mejores condiciones.\u00a0 Desde entonces Caf\u00e9 Monteverde ha venido estableciendo compromisos con productores y organizaciones con responsabilidad social y medioambiental.<\/p><p>Nuestras zonas de producci\u00f3n ubicadas por encima de los 1400 m.s.n.m. poseen condiciones de microclimas y suelos \u00f3ptimos para el cultivo de caf\u00e9.\u00a0 El empleo adecuado de tecnolog\u00edas de producci\u00f3n ecol\u00f3gica le permite obtener granos con alta calidad en \u201cTaza\u201d.\u00a0 En el a\u00f1o 2010 identificamos la necesidad de promover en los productores cafetaleros una visi\u00f3n hacia mejorar su proceso pre y post cosecha, as\u00ed como tambi\u00e9n ampliar nuestros or\u00edgenes, decidimos emprender el PROYECTO NUEVA ESPERANZA, en la FINCA TIMBUYACU.\u00a0 Dicha finca tiene su propia historia contada por nuestro Gerente General el Sr. Alfonso Tejada Ib\u00e9rico.<\/p>\t\t\t\t\t\t<\/div>\n\t\t\t\t<\/div>\n\t\t\t\t<div class=\"elementor-element elementor-element-fa2b393 elementor-widget elementor-widget-heading\" data-id=\"fa2b393\" data-element_type=\"widget\" data-widget_type=\"heading.default\">\n\t\t\t\t<div class=\"elementor-widget-container\">\n\t\t\t<style>\/*! elementor - v3.17.0 - 08-11-2023 *\/\n.elementor-heading-title{padding:0;margin:0;line-height:1}.elementor-widget-heading .elementor-heading-title[class*=elementor-size-]>a{color:inherit;font-size:inherit;line-height:inherit}.elementor-widget-heading .elementor-heading-title.elementor-size-small{font-size:15px}.elementor-widget-heading .elementor-heading-title.elementor-size-medium{font-size:19px}.elementor-widget-heading .elementor-heading-title.elementor-size-large{font-size:29px}.elementor-widget-heading .elementor-heading-title.elementor-size-xl{font-size:39px}.elementor-widget-heading .elementor-heading-title.elementor-size-xxl{font-size:59px}<\/style><h2 class=\"elementor-heading-title elementor-size-default\">ORGANIGRAMA<\/h2>\t\t<\/div>\n\t\t\t\t<\/div>\n\t\t\t\t<div class=\"elementor-element elementor-element-92d07f3 elementor-widget elementor-widget-image\" data-id=\"92d07f3\" data-element_type=\"widget\" data-widget_type=\"image.default\">\n\t\t\t\t<div class=\"elementor-widget-container\">\n\t\t\t<style>\/*! elementor - v3.17.0 - 08-11-2023 *\/\n.elementor-widget-image{text-align:center}.elementor-widget-image a{display:inline-block}.elementor-widget-image a img[src$=\".svg\"]{width:48px}.elementor-widget-image img{vertical-align:middle;display:inline-block}<\/style>\t\t\t\t\t\t\t\t\t\t\t\t<img loading=\"lazy\" decoding=\"async\" width=\"1200\" height=\"720\" src=\"https:\/\/monteverdecafe.com\/wp-content\/uploads\/2023\/05\/Cafe_monteverde_Organigrama-1.png\" class=\"attachment-full size-full wp-image-1438\" alt=\"\" srcset=\"https:\/\/monteverdecafe.com\/wp-content\/uploads\/2023\/05\/Cafe_monteverde_Organigrama-1.png 1200w, https:\/\/monteverdecafe.com\/wp-content\/uploads\/2023\/05\/Cafe_monteverde_Organigrama-1-300x180.png 300w, https:\/\/monteverdecafe.com\/wp-content\/uploads\/2023\/05\/Cafe_monteverde_Organigrama-1-1024x614.png 1024w, https:\/\/monteverdecafe.com\/wp-content\/uploads\/2023\/05\/Cafe_monteverde_Organigrama-1-768x461.png 768w\" sizes=\"auto, (max-width: 1200px) 100vw, 1200px\" \/>\t\t\t\t\t\t\t\t\t\t\t\t\t\t\t<\/div>\n\t\t\t\t<\/div>\n\t\t\t\t\t<\/div>\n\t\t<\/div>\n\t\t\t\t\t\t\t<\/div>\n\t\t<\/section>\n\t\t\t\t<section class=\"elementor-section elementor-top-section elementor-element elementor-element-8344d29 elementor-section-full_width elementor-hidden-desktop elementor-hidden-tablet elementor-section-height-default elementor-section-height-default\" data-id=\"8344d29\" data-element_type=\"section\">\n\t\t\t\t\t\t<div class=\"elementor-container elementor-column-gap-no\">\n\t\t\t\t\t<div class=\"elementor-column elementor-col-100 elementor-top-column elementor-element elementor-element-73fbf16\" data-id=\"73fbf16\" data-element_type=\"column\">\n\t\t\t<div class=\"elementor-widget-wrap elementor-element-populated\">\n\t\t\t\t\t\t\t\t<div class=\"elementor-element elementor-element-59a9e6d elementor-widget elementor-widget-image\" data-id=\"59a9e6d\" data-element_type=\"widget\" data-widget_type=\"image.default\">\n\t\t\t\t<div class=\"elementor-widget-container\">\n\t\t\t\t\t\t\t\t\t\t\t\t\t\t\t<img loading=\"lazy\" decoding=\"async\" width=\"800\" height=\"254\" src=\"https:\/\/monteverdecafe.com\/wp-content\/uploads\/2023\/05\/Cafe_organico_monteverde_12-1024x325.png\" class=\"attachment-large size-large wp-image-558\" alt=\"\" srcset=\"https:\/\/monteverdecafe.com\/wp-content\/uploads\/2023\/05\/Cafe_organico_monteverde_12-1024x325.png 1024w, https:\/\/monteverdecafe.com\/wp-content\/uploads\/2023\/05\/Cafe_organico_monteverde_12-300x95.png 300w, https:\/\/monteverdecafe.com\/wp-content\/uploads\/2023\/05\/Cafe_organico_monteverde_12-768x244.png 768w, https:\/\/monteverdecafe.com\/wp-content\/uploads\/2023\/05\/Cafe_organico_monteverde_12-1536x488.png 1536w, https:\/\/monteverdecafe.com\/wp-content\/uploads\/2023\/05\/Cafe_organico_monteverde_12.png 1920w\" sizes=\"auto, (max-width: 800px) 100vw, 800px\" \/>\t\t\t\t\t\t\t\t\t\t\t\t\t\t\t<\/div>\n\t\t\t\t<\/div>\n\t\t\t\t\t<\/div>\n\t\t<\/div>\n\t\t\t\t\t\t\t<\/div>\n\t\t<\/section>\n\t\t\t\t<section class=\"elementor-section elementor-top-section elementor-element elementor-element-37003661 elementor-section-boxed elementor-section-height-default elementor-section-height-default\" data-id=\"37003661\" data-element_type=\"section\" id=\"timbuyacu\">\n\t\t\t\t\t\t<div class=\"elementor-container elementor-column-gap-default\">\n\t\t\t\t\t<div class=\"elementor-column elementor-col-100 elementor-top-column elementor-element elementor-element-6ed5321e\" data-id=\"6ed5321e\" data-element_type=\"column\" data-settings=\"{&quot;background_background&quot;:&quot;classic&quot;}\">\n\t\t\t<div class=\"elementor-widget-wrap elementor-element-populated\">\n\t\t\t\t\t\t\t\t<div class=\"elementor-element elementor-element-26bbee18 elementor-widget elementor-widget-heading\" data-id=\"26bbee18\" data-element_type=\"widget\" data-widget_type=\"heading.default\">\n\t\t\t\t<div class=\"elementor-widget-container\">\n\t\t\t<h2 class=\"elementor-heading-title elementor-size-default\">Nuestra Misi\u00f3n<\/h2>\t\t<\/div>\n\t\t\t\t<\/div>\n\t\t\t\t<div class=\"elementor-element elementor-element-504083d8 elementor-widget elementor-widget-text-editor\" data-id=\"504083d8\" data-element_type=\"widget\" data-widget_type=\"text-editor.default\">\n\t\t\t\t<div class=\"elementor-widget-container\">\n\t\t\t\t\t\t\t<p style=\"text-align: justify;\">CAF\u00c9 MONTEVERDE es una empresa de derecho privado con responsabilidad social y medioambiental, tiene como misi\u00f3n brindar a los productores los servicios de: Asistencia t\u00e9cnica y capacitaci\u00f3n permanente, gesti\u00f3n de certificaci\u00f3n y proyectos, comercializaci\u00f3n y otros; para generar un desarrollo sostenido, mejorar la calidad de vida de los productores y contribuir a la disminuci\u00f3n de los \u00edndices de pobreza de la regi\u00f3n.<\/p>\t\t\t\t\t\t<\/div>\n\t\t\t\t<\/div>\n\t\t\t\t<div class=\"elementor-element elementor-element-d8dab9d elementor-hidden-mobile elementor-widget elementor-widget-image\" data-id=\"d8dab9d\" data-element_type=\"widget\" data-widget_type=\"image.default\">\n\t\t\t\t<div class=\"elementor-widget-container\">\n\t\t\t\t\t\t\t\t\t\t\t\t\t\t\t<img loading=\"lazy\" decoding=\"async\" width=\"1920\" height=\"610\" src=\"https:\/\/monteverdecafe.com\/wp-content\/uploads\/2023\/05\/Cafe_organico_monteverde_12.png\" class=\"attachment-full size-full wp-image-558\" alt=\"\" srcset=\"https:\/\/monteverdecafe.com\/wp-content\/uploads\/2023\/05\/Cafe_organico_monteverde_12.png 1920w, https:\/\/monteverdecafe.com\/wp-content\/uploads\/2023\/05\/Cafe_organico_monteverde_12-300x95.png 300w, https:\/\/monteverdecafe.com\/wp-content\/uploads\/2023\/05\/Cafe_organico_monteverde_12-1024x325.png 1024w, https:\/\/monteverdecafe.com\/wp-content\/uploads\/2023\/05\/Cafe_organico_monteverde_12-768x244.png 768w, https:\/\/monteverdecafe.com\/wp-content\/uploads\/2023\/05\/Cafe_organico_monteverde_12-1536x488.png 1536w\" sizes=\"auto, (max-width: 1920px) 100vw, 1920px\" \/>\t\t\t\t\t\t\t\t\t\t\t\t\t\t\t<\/div>\n\t\t\t\t<\/div>\n\t\t\t\t\t<\/div>\n\t\t<\/div>\n\t\t\t\t\t\t\t<\/div>\n\t\t<\/section>\n\t\t\t\t<section class=\"elementor-section elementor-top-section elementor-element elementor-element-0895cf4 elementor-section-full_width elementor-section-height-default elementor-section-height-default\" data-id=\"0895cf4\" data-element_type=\"section\">\n\t\t\t\t\t\t<div class=\"elementor-container elementor-column-gap-no\">\n\t\t\t\t\t<div class=\"elementor-column elementor-col-100 elementor-top-column elementor-element elementor-element-73ccd52\" data-id=\"73ccd52\" data-element_type=\"column\">\n\t\t\t<div class=\"elementor-widget-wrap elementor-element-populated\">\n\t\t\t\t\t\t\t\t<div class=\"elementor-element elementor-element-28a5c58 elementor-hidden-desktop elementor-hidden-tablet elementor-widget elementor-widget-image\" data-id=\"28a5c58\" data-element_type=\"widget\" data-widget_type=\"image.default\">\n\t\t\t\t<div class=\"elementor-widget-container\">\n\t\t\t\t\t\t\t\t\t\t\t\t\t\t\t<img loading=\"lazy\" decoding=\"async\" width=\"1920\" height=\"610\" src=\"https:\/\/monteverdecafe.com\/wp-content\/uploads\/2023\/05\/Cafe_organico_monteverde_13.png\" class=\"attachment-full size-full wp-image-559\" alt=\"\" srcset=\"https:\/\/monteverdecafe.com\/wp-content\/uploads\/2023\/05\/Cafe_organico_monteverde_13.png 1920w, https:\/\/monteverdecafe.com\/wp-content\/uploads\/2023\/05\/Cafe_organico_monteverde_13-300x95.png 300w, https:\/\/monteverdecafe.com\/wp-content\/uploads\/2023\/05\/Cafe_organico_monteverde_13-1024x325.png 1024w, https:\/\/monteverdecafe.com\/wp-content\/uploads\/2023\/05\/Cafe_organico_monteverde_13-768x244.png 768w, https:\/\/monteverdecafe.com\/wp-content\/uploads\/2023\/05\/Cafe_organico_monteverde_13-1536x488.png 1536w\" sizes=\"auto, (max-width: 1920px) 100vw, 1920px\" \/>\t\t\t\t\t\t\t\t\t\t\t\t\t\t\t<\/div>\n\t\t\t\t<\/div>\n\t\t\t\t\t<\/div>\n\t\t<\/div>\n\t\t\t\t\t\t\t<\/div>\n\t\t<\/section>\n\t\t\t\t<section class=\"elementor-section elementor-top-section elementor-element elementor-element-68b5a532 elementor-section-boxed elementor-section-height-default elementor-section-height-default\" data-id=\"68b5a532\" data-element_type=\"section\" id=\"buenamoza\">\n\t\t\t\t\t\t<div class=\"elementor-container elementor-column-gap-default\">\n\t\t\t\t\t<div class=\"elementor-column elementor-col-100 elementor-top-column elementor-element elementor-element-3d2dfff8\" data-id=\"3d2dfff8\" data-element_type=\"column\" data-settings=\"{&quot;background_background&quot;:&quot;classic&quot;}\">\n\t\t\t<div class=\"elementor-widget-wrap elementor-element-populated\">\n\t\t\t\t\t\t\t\t<div class=\"elementor-element elementor-element-331e2d4c elementor-widget elementor-widget-heading\" data-id=\"331e2d4c\" data-element_type=\"widget\" data-widget_type=\"heading.default\">\n\t\t\t\t<div class=\"elementor-widget-container\">\n\t\t\t<h2 class=\"elementor-heading-title elementor-size-default\">Nuestra Visi\u00f3n<\/h2>\t\t<\/div>\n\t\t\t\t<\/div>\n\t\t\t\t<div class=\"elementor-element elementor-element-587625bb elementor-widget elementor-widget-text-editor\" data-id=\"587625bb\" data-element_type=\"widget\" data-widget_type=\"text-editor.default\">\n\t\t\t\t<div class=\"elementor-widget-container\">\n\t\t\t\t\t\t\t<p style=\"text-align: justify;\">CAF\u00c9 MONTEVERDE es una empresa eficiente en la gesti\u00f3n de recursos, que brinda servicios de calidad a los productores de caf\u00e9 de la regi\u00f3n y que ha logrado posicionar al Caf\u00e9 Amazonense en el Mercado Internacional.<\/p>\t\t\t\t\t\t<\/div>\n\t\t\t\t<\/div>\n\t\t\t\t<div class=\"elementor-element elementor-element-cfb7300 elementor-hidden-mobile elementor-widget elementor-widget-image\" data-id=\"cfb7300\" data-element_type=\"widget\" data-widget_type=\"image.default\">\n\t\t\t\t<div class=\"elementor-widget-container\">\n\t\t\t\t\t\t\t\t\t\t\t\t\t\t\t<img loading=\"lazy\" decoding=\"async\" width=\"1920\" height=\"610\" src=\"https:\/\/monteverdecafe.com\/wp-content\/uploads\/2023\/05\/Cafe_organico_monteverde_13.png\" class=\"attachment-full size-full wp-image-559\" alt=\"\" srcset=\"https:\/\/monteverdecafe.com\/wp-content\/uploads\/2023\/05\/Cafe_organico_monteverde_13.png 1920w, https:\/\/monteverdecafe.com\/wp-content\/uploads\/2023\/05\/Cafe_organico_monteverde_13-300x95.png 300w, https:\/\/monteverdecafe.com\/wp-content\/uploads\/2023\/05\/Cafe_organico_monteverde_13-1024x325.png 1024w, https:\/\/monteverdecafe.com\/wp-content\/uploads\/2023\/05\/Cafe_organico_monteverde_13-768x244.png 768w, https:\/\/monteverdecafe.com\/wp-content\/uploads\/2023\/05\/Cafe_organico_monteverde_13-1536x488.png 1536w\" sizes=\"auto, (max-width: 1920px) 100vw, 1920px\" \/>\t\t\t\t\t\t\t\t\t\t\t\t\t\t\t<\/div>\n\t\t\t\t<\/div>\n\t\t\t\t\t<\/div>\n\t\t<\/div>\n\t\t\t\t\t\t\t<\/div>\n\t\t<\/section>\n\t\t\t\t\t\t\t<\/div>\n\t\t","protected":false},"excerpt":{"rendered":"<p>NOSOTROSTRABAJAMOS CON ESMERO Y PASI\u00d3N POR UN CAF\u00c9 DE CALIDAD CON TRAZABILIDAD Caf\u00e9 Monteverde, es una empresa ubicada en la provincia de Rodr\u00edguez de Mendoza, regi\u00f3n Amazonas \u2013 Per\u00fa.\u00a0 Fue creada en el a\u00f1o 2003 con la finalidad de atender las necesidades de los productores para comercializar su caf\u00e9 en mejores condiciones.\u00a0 Desde entonces Caf\u00e9 [&hellip;]<\/p>\n","protected":false},"author":1,"featured_media":0,"parent":0,"menu_order":0,"comment_status":"closed","ping_status":"closed","template":"","meta":{"footnotes":""},"class_list":["post-653","page","type-page","status-publish","hentry"],"_links":{"self":[{"href":"https:\/\/monteverdecafe.com\/index.php\/wp-json\/wp\/v2\/pages\/653","targetHints":{"allow":["GET"]}}],"collection":[{"href":"https:\/\/monteverdecafe.com\/index.php\/wp-json\/wp\/v2\/pages"}],"about":[{"href":"https:\/\/monteverdecafe.com\/index.php\/wp-json\/wp\/v2\/types\/page"}],"author":[{"embeddable":true,"href":"https:\/\/monteverdecafe.com\/index.php\/wp-json\/wp\/v2\/users\/1"}],"replies":[{"embeddable":true,"href":"https:\/\/monteverdecafe.com\/index.php\/wp-json\/wp\/v2\/comments?post=653"}],"version-history":[{"count":3,"href":"https:\/\/monteverdecafe.com\/index.php\/wp-json\/wp\/v2\/pages\/653\/revisions"}],"predecessor-version":[{"id":1536,"href":"https:\/\/monteverdecafe.com\/index.php\/wp-json\/wp\/v2\/pages\/653\/revisions\/1536"}],"wp:attachment":[{"href":"https:\/\/monteverdecafe.com\/index.php\/wp-json\/wp\/v2\/media?parent=653"}],"curies":[{"name":"wp","href":"https:\/\/api.w.org\/{rel}","templated":true}]}}